{"id":158998,"date":"2025-03-14T11:24:39","date_gmt":"2025-03-14T10:24:39","guid":{"rendered":"https:\/\/ommatic.advomatic-dev.de\/?page_id=158998"},"modified":"2025-03-18T08:29:07","modified_gmt":"2025-03-18T07:29:07","slug":"thank-you-for-the-email-confirmation","status":"publish","type":"page","link":"https:\/\/ommatic.de\/en\/danke-e-mail-bestaetigung\/","title":{"rendered":"Thank you for your email confirmation."},"content":{"rendered":"<div data-elementor-type=\"wp-page\" data-elementor-id=\"158998\" class=\"elementor elementor-158998\" data-elementor-post-type=\"page\">\n\t\t\t\t<div class=\"elementor-element elementor-element-56325ac e-flex e-con-boxed e-con e-parent\" data-id=\"56325ac\" data-element_type=\"container\" data-e-type=\"container\">\n\t\t\t\t\t<div class=\"e-con-inner\">\n\t\t<div class=\"elementor-element elementor-element-1c598e9 e-flex e-con-boxed e-con e-child\" data-id=\"1c598e9\" data-element_type=\"container\" data-e-type=\"container\" data-settings=\"{&quot;background_background&quot;:&quot;classic&quot;}\">\n\t\t\t\t\t<div class=\"e-con-inner\">\n\t\t<div class=\"elementor-element elementor-element-193ebb3 e-con-full e-flex e-con e-child\" data-id=\"193ebb3\" data-element_type=\"container\" data-e-type=\"container\" data-settings=\"{&quot;background_background&quot;:&quot;classic&quot;}\">\n\t\t\t\t<div class=\"elementor-element elementor-element-d839dda elementor-widget elementor-widget-heading\" data-id=\"d839dda\" data-element_type=\"widget\" data-e-type=\"widget\" data-widget_type=\"heading.default\">\n\t\t\t\t\t<h1 class=\"elementor-heading-title elementor-size-default\">Your email address has been confirmed.<\/h1>\t\t\t\t<\/div>\n\t\t\t\t<div class=\"elementor-element elementor-element-f412a66 elementor-widget elementor-widget-heading\" data-id=\"f412a66\" data-element_type=\"widget\" data-e-type=\"widget\" data-widget_type=\"heading.default\">\n\t\t\t\t\t<h2 class=\"elementor-heading-title elementor-size-default\">Thank you for your interest!<\/h2>\t\t\t\t<\/div>\n\t\t\t\t<div class=\"elementor-element elementor-element-9c3af23 elementor-widget elementor-widget-text-editor\" data-id=\"9c3af23\" data-element_type=\"widget\" data-e-type=\"widget\" data-widget_type=\"text-editor.default\">\n\t\t\t\t\t\t\t\t\t<p>Stay up-to-date with OMmatic!<\/p><p data-start=\"179\" data-end=\"312\">In the future, we will regularly inform you via email about relevant topics related to digital visibility and online optimization.<\/p><p data-start=\"314\" data-end=\"531\">Of course, we know that interests can change over time. That&#039;s why you have the opportunity in every one of our emails to..., <strong data-start=\"450\" data-end=\"477\">to select individually<\/strong>, which information is most valuable to you.<\/p><p data-start=\"533\" data-end=\"608\">Until then, we wish you every success with your <strong data-start=\"584\" data-end=\"605\">digital presence<\/strong>!<\/p><p data-start=\"610\" data-end=\"632\"><strong data-start=\"610\" data-end=\"630\">Your OMmatic team<\/strong><\/p>\t\t\t\t\t\t\t\t<\/div>\n\t\t\t\t<\/div>\n\t\t\t\t\t<\/div>\n\t\t\t\t<\/div>\n\t\t\t\t\t<\/div>\n\t\t\t\t<\/div>\n\t\t\t\t<\/div>","protected":false},"excerpt":{"rendered":"<p>Ihre E-Mail-Adresse wurde best\u00e4tigt Vielen Dank f\u00fcr Ihr Interesse! Bleiben Sie mit OMmatic immer auf dem Laufenden! Zuk\u00fcnftig informieren wir Sie regelm\u00e4\u00dfig per E-Mail \u00fcber relevante Themen rund um digitale Sichtbarkeit und Online-Optimierung. Nat\u00fcrlich wissen wir, dass sich Interessen im Laufe der Zeit \u00e4ndern k\u00f6nnen. Deshalb haben Sie in jeder unserer E-Mails die M\u00f6glichkeit, individuell [&hellip;]<\/p>\n","protected":false},"author":1,"featured_media":0,"parent":0,"menu_order":0,"comment_status":"closed","ping_status":"closed","template":"","meta":{"_acf_changed":false,"inline_featured_image":false,"footnotes":""},"categories":[],"class_list":["post-158998","page","type-page","status-publish","hentry"],"acf":[],"aioseo_notices":[],"_links":{"self":[{"href":"https:\/\/ommatic.de\/en\/wp-json\/wp\/v2\/pages\/158998","targetHints":{"allow":["GET"]}}],"collection":[{"href":"https:\/\/ommatic.de\/en\/wp-json\/wp\/v2\/pages"}],"about":[{"href":"https:\/\/ommatic.de\/en\/wp-json\/wp\/v2\/types\/page"}],"author":[{"embeddable":true,"href":"https:\/\/ommatic.de\/en\/wp-json\/wp\/v2\/users\/1"}],"replies":[{"embeddable":true,"href":"https:\/\/ommatic.de\/en\/wp-json\/wp\/v2\/comments?post=158998"}],"version-history":[{"count":0,"href":"https:\/\/ommatic.de\/en\/wp-json\/wp\/v2\/pages\/158998\/revisions"}],"wp:attachment":[{"href":"https:\/\/ommatic.de\/en\/wp-json\/wp\/v2\/media?parent=158998"}],"wp:term":[{"taxonomy":"category","embeddable":true,"href":"https:\/\/ommatic.de\/en\/wp-json\/wp\/v2\/categories?post=158998"}],"curies":[{"name":"wp","href":"https:\/\/api.w.org\/{rel}","templated":true}]}}