{"id":157981,"date":"2025-02-24T10:37:06","date_gmt":"2025-02-24T09:37:06","guid":{"rendered":"https:\/\/ommatic.advomatic-dev.de\/?page_id=157981"},"modified":"2025-12-09T16:40:44","modified_gmt":"2025-12-09T15:40:44","slug":"solutions","status":"publish","type":"page","link":"https:\/\/ommatic.de\/en\/loesungen\/","title":{"rendered":"Solutions"},"content":{"rendered":"\t\t<div data-elementor-type=\"wp-page\" data-elementor-id=\"157981\" class=\"elementor elementor-157981\" data-elementor-post-type=\"page\">\n\t\t\t\t<header class=\"elementor-element elementor-element-f9501dd e-con-full e-flex e-con e-parent\" data-id=\"f9501dd\" data-element_type=\"container\" data-e-type=\"container\" data-settings=\"{&quot;background_background&quot;:&quot;gradient&quot;}\">\n\t\t<div class=\"elementor-element elementor-element-285a875 e-con-full e-flex e-con e-child\" data-id=\"285a875\" data-element_type=\"container\" data-e-type=\"container\">\n\t\t\t\t<div class=\"elementor-element elementor-element-22d569e elementor-widget elementor-widget-heading\" data-id=\"22d569e\" data-element_type=\"widget\" data-e-type=\"widget\" data-widget_type=\"heading.default\">\n\t\t\t\t\t<div class=\"elementor-heading-title elementor-size-default\">Internetauftritt und Onlinewerbung aus einem Guss<\/div>\t\t\t\t<\/div>\n\t\t\t\t<div class=\"elementor-element elementor-element-a0b5eb5 elementor-widget elementor-widget-heading\" data-id=\"a0b5eb5\" data-element_type=\"widget\" data-e-type=\"widget\" data-widget_type=\"heading.default\">\n\t\t\t\t\t<h1 class=\"elementor-heading-title elementor-size-default\">OMmatic - Die Online Marketing Komplettl\u00f6sungen f\u00fcr Sie<\/h1>\t\t\t\t<\/div>\n\t\t\t\t<div class=\"elementor-element elementor-element-3080cf6 elementor-widget elementor-widget-heading\" data-id=\"3080cf6\" data-element_type=\"widget\" data-e-type=\"widget\" data-widget_type=\"heading.default\">\n\t\t\t\t\t<h2 class=\"elementor-heading-title elementor-size-default\">Durch Branchenkenntnis und Kompetenz Kunden begeistern<\/h2>\t\t\t\t<\/div>\n\t\t\t\t<div class=\"elementor-element elementor-element-a44ab06 elementor-align-justify elementor-widget elementor-widget-button\" data-id=\"a44ab06\" data-element_type=\"widget\" data-e-type=\"widget\" data-widget_type=\"button.default\">\n\t\t\t\t\t\t\t\t\t\t<a class=\"elementor-button elementor-button-link elementor-size-sm elementor-animation-grow\" href=\"https:\/\/ommatic.de\/kontakt\/\">\n\t\t\t\t\t\t<span class=\"elementor-button-content-wrapper\">\n\t\t\t\t\t\t<span class=\"elementor-button-icon\">\n\t\t\t\t<svg aria-hidden=\"true\" class=\"e-font-icon-svg e-fas-envelope\" viewBox=\"0 0 512 512\" xmlns=\"http:\/\/www.w3.org\/2000\/svg\"><path d=\"M502.3 190.8c3.9-3.1 9.7-.2 9.7 4.7V400c0 26.5-21.5 48-48 48H48c-26.5 0-48-21.5-48-48V195.6c0-5 5.7-7.8 9.7-4.7 22.4 17.4 52.1 39.5 154.1 113.6 21.1 15.4 56.7 47.8 92.2 47.6 35.7.3 72-32.8 92.3-47.6 102-74.1 131.6-96.3 154-113.7zM256 320c23.2.4 56.6-29.2 73.4-41.4 132.7-96.3 142.8-104.7 173.4-128.7 5.8-4.5 9.2-11.5 9.2-18.9v-19c0-26.5-21.5-48-48-48H48C21.5 64 0 85.5 0 112v19c0 7.4 3.4 14.3 9.2 18.9 30.6 23.9 40.7 32.4 173.4 128.7 16.8 12.2 50.2 41.8 73.4 41.4z\"><\/path><\/svg>\t\t\t<\/span>\n\t\t\t\t\t\t\t\t\t<span class=\"elementor-button-text\">Kontakt<\/span>\n\t\t\t\t\t<\/span>\n\t\t\t\t\t<\/a>\n\t\t\t\t\t\t\t\t<\/div>\n\t\t\t\t<\/div>\n\t\t<div class=\"elementor-element elementor-element-54e6a38 e-con-full e-flex e-con e-child\" data-id=\"54e6a38\" data-element_type=\"container\" data-e-type=\"container\">\n\t\t\t\t<div class=\"elementor-element elementor-element-2f781fb elementor-widget elementor-widget-theme-post-featured-image elementor-widget-image\" data-id=\"2f781fb\" data-element_type=\"widget\" data-e-type=\"widget\" data-widget_type=\"theme-post-featured-image.default\">\n\t\t\t\t\t\t\t\t\t\t\t\t\t\t\t<img loading=\"lazy\" decoding=\"async\" width=\"2560\" height=\"1707\" src=\"https:\/\/ommatic.de\/wp-content\/uploads\/2024\/08\/AdobeStock_316839352-scaled.jpg\" class=\"attachment-full size-full wp-image-28965\" alt=\"\" srcset=\"https:\/\/ommatic.de\/wp-content\/uploads\/2024\/08\/AdobeStock_316839352-scaled.jpg 2560w, https:\/\/ommatic.de\/wp-content\/uploads\/2024\/08\/AdobeStock_316839352-300x200.jpg 300w, https:\/\/ommatic.de\/wp-content\/uploads\/2024\/08\/AdobeStock_316839352-1024x683.jpg 1024w, https:\/\/ommatic.de\/wp-content\/uploads\/2024\/08\/AdobeStock_316839352-768x512.jpg 768w, https:\/\/ommatic.de\/wp-content\/uploads\/2024\/08\/AdobeStock_316839352-1536x1024.jpg 1536w, https:\/\/ommatic.de\/wp-content\/uploads\/2024\/08\/AdobeStock_316839352-2048x1365.jpg 2048w\" sizes=\"auto, (max-width: 2560px) 100vw, 2560px\" \/>\t\t\t\t\t\t\t\t\t\t\t\t\t\t\t<\/div>\n\t\t\t\t<\/div>\n\t\t\t\t<\/header>\n\t\t<div class=\"elementor-element elementor-element-568a320 e-flex e-con-boxed e-con e-child\" data-id=\"568a320\" data-element_type=\"container\" data-e-type=\"container\" data-settings=\"{&quot;background_background&quot;:&quot;classic&quot;}\">\n\t\t\t\t\t<div class=\"e-con-inner\">\n\t\t<div class=\"elementor-element elementor-element-ac83a9e e-con-full e-flex e-con e-child\" data-id=\"ac83a9e\" data-element_type=\"container\" data-e-type=\"container\">\n\t\t\t\t<div class=\"elementor-element elementor-element-0967c6e uael-dual-heading-align-center elementor-widget__width-inherit elementor-widget elementor-widget-uael-dual-color-heading\" data-id=\"0967c6e\" data-element_type=\"widget\" data-e-type=\"widget\" data-widget_type=\"uael-dual-color-heading.default\">\n\t\t\t\t<div class=\"elementor-widget-container\">\n\t\t\t\t\t\t\t\t\t<div class=\"uael-module-content uael-dual-color-heading uael-stack-desktop-yes uael-heading-stack-\">\n\t\t\t<h2>\n\t\t\t\t\t\t\t\t\t\t\t\t\t\t\t\t<span class=\"uael-before-heading\"><span class=\"elementor-inline-editing uael-dual-heading-text uael-first-text\" data-elementor-setting-key=\"before_heading_text\" data-elementor-inline-editing-toolbar=\"basic\"><\/span><\/span><span class=\"uael-adv-heading-stack\"><span class=\"elementor-inline-editing uael-dual-heading-text uael-highlight-text\" data-elementor-setting-key=\"second_heading_text\" data-elementor-inline-editing-toolbar=\"basic\">Online-Marketing f\u00fcr Sie<\/span><\/span><span class=\"uael-after-heading\"><span class=\"elementor-inline-editing uael-dual-heading-text uael-third-text\" data-elementor-setting-key=\"after_heading_text\" data-elementor-inline-editing-toolbar=\"basic\">\u00fcberzeugend - einfach - wirksam<\/span><\/span>\t\t\t\t\t\t\t\t\t\t\t\t\t<\/h2>\n\t\t<\/div>\n\t\t\t\t\t\t<\/div>\n\t\t\t\t<\/div>\n\t\t\t\t<div class=\"elementor-element elementor-element-0827115 elementor-widget elementor-widget-text-editor\" data-id=\"0827115\" data-element_type=\"widget\" data-e-type=\"widget\" data-widget_type=\"text-editor.default\">\n\t\t\t\t\t\t\t\t\t<div>F\u00fcr diese Branchen haben wir bereits verf\u00fcgbare Komplettl\u00f6sungen. Hochwertige, direkt verf\u00fcgbare Inhalte und zielgenaue Werbung mit nachvollziehbarer Erfolgskontrolle. Und das Beste: Binnen einer Woche kann Ihre neue Online-Pr\u00e4senz aufgebaut sein.\u00a0\u00a0<\/div><div>\u00a0<\/div><div>Ihre Branche ist nicht dabei? Wir erweitern st\u00e4ndig unsere Angebote. Melden Sie sich und seien Sie Ihrer Konkurrenz einen Schritt voraus.\u00a0<\/div>\t\t\t\t\t\t\t\t<\/div>\n\t\t\t\t<\/div>\n\t\t<div class=\"elementor-element elementor-element-5cbe6df e-con-full e-flex e-con e-child\" data-id=\"5cbe6df\" data-element_type=\"container\" data-e-type=\"container\">\n\t\t<div class=\"elementor-element elementor-element-3edf4cd e-con-full e-flex e-con e-child\" data-id=\"3edf4cd\" data-element_type=\"container\" data-e-type=\"container\" data-settings=\"{&quot;background_background&quot;:&quot;classic&quot;,&quot;sticky&quot;:&quot;top&quot;,&quot;sticky_on&quot;:[&quot;tablet&quot;],&quot;sticky_offset_tablet&quot;:120,&quot;sticky_parent&quot;:&quot;yes&quot;,&quot;sticky_offset&quot;:0,&quot;sticky_effects_offset&quot;:0,&quot;sticky_anchor_link_offset&quot;:0}\">\n\t\t\t\t<div class=\"elementor-element elementor-element-4ee2625 elementor-widget-mobile__width-inherit elementor-widget elementor-widget-heading\" data-id=\"4ee2625\" data-element_type=\"widget\" data-e-type=\"widget\" data-widget_type=\"heading.default\">\n\t\t\t\t\t<div class=\"elementor-heading-title elementor-size-default\">Ihre Ansprechpartner<\/div>\t\t\t\t<\/div>\n\t\t<div class=\"elementor-element elementor-element-aaa663c e-con-full e-flex e-con e-child\" data-id=\"aaa663c\" data-element_type=\"container\" data-e-type=\"container\">\n\t\t\t\t<div class=\"elementor-element elementor-element-fc4e2f7 elementor-vertical-align-middle elementor-widget__width-inherit elementor-position-left elementor-widget-mobile__width-inherit elementor-widget elementor-widget-image-box\" data-id=\"fc4e2f7\" data-element_type=\"widget\" data-e-type=\"widget\" data-widget_type=\"image-box.default\">\n\t\t\t\t\t<div class=\"elementor-image-box-wrapper\"><figure class=\"elementor-image-box-img\"><a href=\"https:\/\/ommatic.de\/ansprechpartner\/marcel-zirkel\/\" title=\"Marcel Zirkel\" tabindex=\"-1\"><img loading=\"lazy\" decoding=\"async\" width=\"500\" height=\"500\" src=\"https:\/\/ommatic.de\/wp-content\/uploads\/2025\/01\/Marcel_OMMatic.jpg\" class=\"attachment-medium_large size-medium_large wp-image-157947\" alt=\"\" srcset=\"https:\/\/ommatic.de\/wp-content\/uploads\/2025\/01\/Marcel_OMMatic.jpg 500w, https:\/\/ommatic.de\/wp-content\/uploads\/2025\/01\/Marcel_OMMatic-300x300.jpg 300w, https:\/\/ommatic.de\/wp-content\/uploads\/2025\/01\/Marcel_OMMatic-150x150.jpg 150w\" sizes=\"auto, (max-width: 500px) 100vw, 500px\" \/><\/a><\/figure><div class=\"elementor-image-box-content\"><div class=\"elementor-image-box-title\"><a href=\"https:\/\/ommatic.de\/ansprechpartner\/marcel-zirkel\/\" title=\"Marcel Zirkel\">Marcel Zirkel<\/a><\/div><\/div><\/div>\t\t\t\t<\/div>\n\t\t\t\t<div class=\"elementor-element elementor-element-f8f9cd5 elementor-vertical-align-middle elementor-widget__width-inherit elementor-position-left elementor-widget-mobile__width-inherit elementor-widget elementor-widget-image-box\" data-id=\"f8f9cd5\" data-element_type=\"widget\" data-e-type=\"widget\" data-widget_type=\"image-box.default\">\n\t\t\t\t\t<div class=\"elementor-image-box-wrapper\"><figure class=\"elementor-image-box-img\"><a href=\"https:\/\/ommatic.de\/ansprechpartner\/cornelia-day\/\" title=\"Felix Grote\" tabindex=\"-1\"><img loading=\"lazy\" decoding=\"async\" width=\"654\" height=\"654\" src=\"https:\/\/ommatic.de\/wp-content\/uploads\/2025\/02\/conny-thumb.jpg\" class=\"attachment-medium_large size-medium_large wp-image-160524\" alt=\"\" srcset=\"https:\/\/ommatic.de\/wp-content\/uploads\/2025\/02\/conny-thumb.jpg 654w, https:\/\/ommatic.de\/wp-content\/uploads\/2025\/02\/conny-thumb-300x300.jpg 300w, https:\/\/ommatic.de\/wp-content\/uploads\/2025\/02\/conny-thumb-150x150.jpg 150w\" sizes=\"auto, (max-width: 654px) 100vw, 654px\" \/><\/a><\/figure><div class=\"elementor-image-box-content\"><div class=\"elementor-image-box-title\"><a href=\"https:\/\/ommatic.de\/ansprechpartner\/cornelia-day\/\" title=\"Felix Grote\">Cornelia Day<\/a><\/div><\/div><\/div>\t\t\t\t<\/div>\n\t\t\t\t<div class=\"elementor-element elementor-element-c7b3278 elementor-vertical-align-middle elementor-widget__width-inherit elementor-position-left elementor-widget-mobile__width-inherit elementor-widget elementor-widget-image-box\" data-id=\"c7b3278\" data-element_type=\"widget\" data-e-type=\"widget\" data-widget_type=\"image-box.default\">\n\t\t\t\t\t<div class=\"elementor-image-box-wrapper\"><figure class=\"elementor-image-box-img\"><a href=\"https:\/\/ommatic.de\/ansprechpartner\/alex-boersig\/\" title=\"Felix Grote\" tabindex=\"-1\"><img loading=\"lazy\" decoding=\"async\" width=\"521\" height=\"521\" src=\"https:\/\/ommatic.de\/wp-content\/uploads\/2025\/02\/alex_thumb.jpg\" class=\"attachment-medium_large size-medium_large wp-image-160525\" alt=\"\" srcset=\"https:\/\/ommatic.de\/wp-content\/uploads\/2025\/02\/alex_thumb.jpg 521w, https:\/\/ommatic.de\/wp-content\/uploads\/2025\/02\/alex_thumb-300x300.jpg 300w, https:\/\/ommatic.de\/wp-content\/uploads\/2025\/02\/alex_thumb-150x150.jpg 150w\" sizes=\"auto, (max-width: 521px) 100vw, 521px\" \/><\/a><\/figure><div class=\"elementor-image-box-content\"><div class=\"elementor-image-box-title\"><a href=\"https:\/\/ommatic.de\/ansprechpartner\/alex-boersig\/\" title=\"Felix Grote\">Alex B\u00f6rsig<\/a><\/div><\/div><\/div>\t\t\t\t<\/div>\n\t\t\t\t<\/div>\n\t\t\t\t<div class=\"elementor-element elementor-element-49f5b51 elementor-widget-mobile__width-inherit elementor-widget elementor-widget-ucaddon_dropdown_button\" data-id=\"49f5b51\" data-element_type=\"widget\" data-e-type=\"widget\" data-widget_type=\"ucaddon_dropdown_button.default\">\n\t\t\t\t<div class=\"elementor-widget-container\">\n\t\t\t\t\t\n<!-- start Dropdown Button -->\n\t\t<link id='font-awesome-css' href='https:\/\/ommatic.de\/wp-content\/plugins\/unlimited-elements-for-elementor-premium\/assets_libraries\/font-awesome6\/fontawesome-all.min.css' type='text\/css' rel='stylesheet' >\n\t\t<link id='font-awesome-4-shim-css' href='https:\/\/ommatic.de\/wp-content\/plugins\/unlimited-elements-for-elementor-premium\/assets_libraries\/font-awesome6\/fontawesome-v4-shims.min.css' type='text\/css' rel='stylesheet' >\n\n<style>\/* widget: Dropdown Button *\/\n\n#uc_dropdown_button_elementor_49f5b51 {\n  display:flex;\n  align-items: center;\n}\n\n#uc_dropdown_button_elementor_49f5b51 .ca_btn_container{\n  position: relative;\n  display: inline-block;\n}\n\n#uc_dropdown_button_elementor_49f5b51 .ca_btn {\n  display:inline-flex;\n  align-items: center;\n  box-sizing: border-box;\n  overflow: hidden;\n  cursor: pointer;\n}\n\n#uc_dropdown_button_elementor_49f5b51 .ca_btn .ca_dropdown {\n  width:100%;\n  margin: 0;\n  padding: 0;\n  transform: translate(-50%, 25px);\n  position: absolute;\n  top: 100%;\n  left:50%;\n  text-align: left;\n  opacity: 0;\n  visibility: hidden;\n  z-index:9999;\n  overflow: hidden;\n  display: flex;\n  flex-direction: column;\n}\n\n#uc_dropdown_button_elementor_49f5b51 .ca_btn.ue_active_drop .ca_dropdown {\n  left:50%;\n  transform: translate(-50%, 0px);\n  opacity: 1;\n  visibility: visible;\n  transition-delay: 0ms;\n}\n\n\n#uc_dropdown_button_elementor_49f5b51 .ca_btn .ca_dropdown li {\n  z-index: 1;\n  position: relative;\n  margin: 0;\n  list-style: none;\n  margin: 0;\n  display: inline;\n}\n\n#uc_dropdown_button_elementor_49f5b51 .ca_btn .ca_dropdown li:last-child a {\n  border-bottom: 0;\n}\n\n#uc_dropdown_button_elementor_49f5b51 .ca_btn .ca_dropdown a {\n  transition:300ms;\n  display: flex;\n  align-content: center;\n  align-items: center;\n  border-bottom-style: solid;\n  white-space: pre-line;\n  text-decoration: none;\n}\n\n#uc_dropdown_button_elementor_49f5b51 .ca_dropdown i{\n  transition:300ms;\n}\n\n#uc_dropdown_button_elementor_49f5b51 .ca_btn_link{\n  position: relative;\n}\n\n@media only screen and (max-width: 767px) {...}\n\n<\/style>\n\n<div id=\"uc_dropdown_button_elementor_49f5b51\" class=\"ca_btn_wrapper \" >\n  <div class=\"ca_btn_container\">\n    <button class=\"ca_btn\" ><i class='fas fa-angle-down'><\/i><span class=\"ue-btn-text\">Kontakt<\/span>\n      <ul class=\"ca_dropdown uc-items-wrapper \">\n           <li class=\"ca_dropdown_item elementor-repeater-item-b340d32 elementor-animation-grow\">\n    <a href=\"tel:+4963120691820\" ><i class='fas fa-phone-alt'><\/i>0631 206 9182-0<\/a>\n  <\/li>\n\n  <li class=\"ca_dropdown_item elementor-repeater-item-7c0fbd4 elementor-animation-grow\">\n    <a href=\"mailto:info@ommatic.de\" ><i class='fas fa-envelope'><\/i>info@ommatic.de<\/a>\n  <\/li>\n\n\n      <\/ul>\n    <\/button>  <\/div><\/div>\n<!-- end Dropdown Button -->\t\t\t\t<\/div>\n\t\t\t\t<\/div>\n\t\t\t\t<\/div>\n\t\t\t\t<\/div>\n\t\t\t\t\t<\/div>\n\t\t\t\t<\/div>\n\t\t<div class=\"elementor-element elementor-element-eaa3d59 e-flex e-con-boxed e-con e-child\" data-id=\"eaa3d59\" data-element_type=\"container\" data-e-type=\"container\" data-settings=\"{&quot;background_background&quot;:&quot;classic&quot;}\">\n\t\t\t\t\t<div class=\"e-con-inner\">\n\t\t\t\t<div class=\"elementor-element elementor-element-35021dd elementor-widget elementor-widget-heading\" data-id=\"35021dd\" data-element_type=\"widget\" data-e-type=\"widget\" data-widget_type=\"heading.default\">\n\t\t\t\t\t<h2 class=\"elementor-heading-title elementor-size-default\">Ihr komplettes Branchen-Online-Marketing Paket<\/h2>\t\t\t\t<\/div>\n\t\t\t\t<div class=\"elementor-element elementor-element-cee2a02 elementor-grid-3 elementor-grid-tablet-2 elementor-grid-mobile-1 elementor-widget elementor-widget-loop-grid\" data-id=\"cee2a02\" data-element_type=\"widget\" data-e-type=\"widget\" data-settings=\"{&quot;template_id&quot;:&quot;158485&quot;,&quot;columns&quot;:3,&quot;_skin&quot;:&quot;post&quot;,&quot;columns_tablet&quot;:&quot;2&quot;,&quot;columns_mobile&quot;:&quot;1&quot;,&quot;edit_handle_selector&quot;:&quot;[data-elementor-type=\\&quot;loop-item\\&quot;]&quot;,&quot;row_gap&quot;:{&quot;unit&quot;:&quot;px&quot;,&quot;size&quot;:&quot;&quot;,&quot;sizes&quot;:[]},&quot;row_gap_tablet&quot;:{&quot;unit&quot;:&quot;px&quot;,&quot;size&quot;:&quot;&quot;,&quot;sizes&quot;:[]},&quot;row_gap_mobile&quot;:{&quot;unit&quot;:&quot;px&quot;,&quot;size&quot;:&quot;&quot;,&quot;sizes&quot;:[]}}\" data-widget_type=\"loop-grid.post\">\n\t\t\t\t<div class=\"elementor-widget-container\">\n\t\t\t\t\t\t\t<div class=\"elementor-loop-container elementor-grid\" role=\"list\">\n\t\t<style id=\"loop-158485\">.elementor-158485 .elementor-element.elementor-element-44f4e26{--display:flex;--gap:0px 0px;--row-gap:0px;--column-gap:0px;}.elementor-158485 .elementor-element.elementor-element-ea7ec12 img{height:300px;object-fit:cover;object-position:center center;}.elementor-158485 .elementor-element.elementor-element-ea7ec12{margin:0px 0px calc(var(--kit-widget-spacing, 0px) + 0px) 0px;padding:0px 0px 0px 0px;}.elementor-158485 .elementor-element.elementor-element-c30492d{text-align:end;padding:8px 24px 8px 8px;width:var( --container-widget-width, 90% );max-width:90%;--container-widget-width:90%;--container-widget-flex-grow:0;bottom:0px;background-color:var( --e-global-color-primary );}.elementor-158485 .elementor-element.elementor-element-c30492d .elementor-heading-title{font-family:\"Texta Alt\", Sans-serif;font-size:30px;font-weight:700;text-transform:normal;line-height:1.2em;color:var( --e-global-color-ca59af7 );}body:not(.rtl) .elementor-158485 .elementor-element.elementor-element-c30492d{right:0px;}body.rtl .elementor-158485 .elementor-element.elementor-element-c30492d{left:0px;}@media(max-width:767px){.elementor-158485 .elementor-element.elementor-element-ea7ec12 img{height:250px;}.elementor-158485 .elementor-element.elementor-element-c30492d .elementor-heading-title{font-size:26px;}}<\/style>\t\t<div data-elementor-type=\"loop-item\" data-elementor-id=\"158485\" class=\"elementor elementor-158485 e-loop-item e-loop-item-127700 post-127700 page type-page status-publish has-post-thumbnail hentry category-allgemein\" data-elementor-post-type=\"elementor_library\" data-custom-edit-handle=\"1\">\n\t\t\t<a class=\"elementor-element elementor-element-44f4e26 e-con-full e-flex e-con e-child\" data-id=\"44f4e26\" data-element_type=\"container\" data-e-type=\"container\" href=\"https:\/\/ommatic.de\/en\/loesungen\/online-marketing-komplettloesung-fuer-handwerker\/\">\n\t\t\t\t<div class=\"elementor-element elementor-element-ea7ec12 elementor-widget elementor-widget-image\" data-id=\"ea7ec12\" data-element_type=\"widget\" data-e-type=\"widget\" data-widget_type=\"image.default\">\n\t\t\t\t\t\t\t\t\t\t\t\t\t\t\t<img loading=\"lazy\" decoding=\"async\" width=\"800\" height=\"534\" src=\"https:\/\/ommatic.de\/wp-content\/uploads\/2024\/04\/AdobeStock_133904278-1024x683.jpeg\" class=\"elementor-animation-grow attachment-large size-large wp-image-22\" alt=\"\" srcset=\"https:\/\/ommatic.de\/wp-content\/uploads\/2024\/04\/AdobeStock_133904278-1024x683.jpeg 1024w, https:\/\/ommatic.de\/wp-content\/uploads\/2024\/04\/AdobeStock_133904278-300x200.jpeg 300w, https:\/\/ommatic.de\/wp-content\/uploads\/2024\/04\/AdobeStock_133904278-768x512.jpeg 768w\" sizes=\"auto, (max-width: 800px) 100vw, 800px\" \/>\t\t\t\t\t\t\t\t\t\t\t\t\t\t\t<\/div>\n\t\t\t\t<div class=\"elementor-element elementor-element-c30492d elementor-widget__width-initial elementor-absolute elementor-widget elementor-widget-heading\" data-id=\"c30492d\" data-element_type=\"widget\" data-e-type=\"widget\" data-settings=\"{&quot;_position&quot;:&quot;absolute&quot;}\" data-widget_type=\"heading.default\">\n\t\t\t\t\t<div class=\"elementor-heading-title elementor-size-default\">Online Marketing Komplettl&#246;sung f&#252;r Handwerker<\/div>\t\t\t\t<\/div>\n\t\t\t\t<\/a>\n\t\t\t\t<\/div>\n\t\t\t\t<div data-elementor-type=\"loop-item\" data-elementor-id=\"158485\" class=\"elementor elementor-158485 e-loop-item e-loop-item-127702 post-127702 page type-page status-publish has-post-thumbnail hentry category-allgemein\" data-elementor-post-type=\"elementor_library\" data-custom-edit-handle=\"1\">\n\t\t\t<a class=\"elementor-element elementor-element-44f4e26 e-con-full e-flex e-con e-child\" data-id=\"44f4e26\" data-element_type=\"container\" data-e-type=\"container\" href=\"https:\/\/ommatic.de\/en\/loesungen\/online-marketing-komplettloesung-fuer-versicherungsmakler\/\">\n\t\t\t\t<div class=\"elementor-element elementor-element-ea7ec12 elementor-widget elementor-widget-image\" data-id=\"ea7ec12\" data-element_type=\"widget\" data-e-type=\"widget\" data-widget_type=\"image.default\">\n\t\t\t\t\t\t\t\t\t\t\t\t\t\t\t<img loading=\"lazy\" decoding=\"async\" width=\"800\" height=\"450\" src=\"https:\/\/ommatic.de\/wp-content\/uploads\/2024\/04\/AdobeStock_290837154-1024x576.jpeg\" class=\"elementor-animation-grow attachment-large size-large wp-image-27\" alt=\"\" srcset=\"https:\/\/ommatic.de\/wp-content\/uploads\/2024\/04\/AdobeStock_290837154-1024x576.jpeg 1024w, https:\/\/ommatic.de\/wp-content\/uploads\/2024\/04\/AdobeStock_290837154-300x169.jpeg 300w, https:\/\/ommatic.de\/wp-content\/uploads\/2024\/04\/AdobeStock_290837154-768x432.jpeg 768w, https:\/\/ommatic.de\/wp-content\/uploads\/2024\/04\/AdobeStock_290837154-1536x864.jpeg 1536w, https:\/\/ommatic.de\/wp-content\/uploads\/2024\/04\/AdobeStock_290837154-2048x1152.jpeg 2048w\" sizes=\"auto, (max-width: 800px) 100vw, 800px\" \/>\t\t\t\t\t\t\t\t\t\t\t\t\t\t\t<\/div>\n\t\t\t\t<div class=\"elementor-element elementor-element-c30492d elementor-widget__width-initial elementor-absolute elementor-widget elementor-widget-heading\" data-id=\"c30492d\" data-element_type=\"widget\" data-e-type=\"widget\" data-settings=\"{&quot;_position&quot;:&quot;absolute&quot;}\" data-widget_type=\"heading.default\">\n\t\t\t\t\t<div class=\"elementor-heading-title elementor-size-default\">Online Marketing Komplettl&#246;sung f&#252;r Versicherungsmakler<\/div>\t\t\t\t<\/div>\n\t\t\t\t<\/a>\n\t\t\t\t<\/div>\n\t\t\t\t<div data-elementor-type=\"loop-item\" data-elementor-id=\"158485\" class=\"elementor elementor-158485 e-loop-item e-loop-item-156330 post-156330 page type-page status-publish has-post-thumbnail hentry category-allgemein\" data-elementor-post-type=\"elementor_library\" data-custom-edit-handle=\"1\">\n\t\t\t<a class=\"elementor-element elementor-element-44f4e26 e-con-full e-flex e-con e-child\" data-id=\"44f4e26\" data-element_type=\"container\" data-e-type=\"container\" href=\"https:\/\/ommatic.de\/en\/advomatic-online-marketing-fuer-rechtsanwaelte\/\">\n\t\t\t\t<div class=\"elementor-element elementor-element-ea7ec12 elementor-widget elementor-widget-image\" data-id=\"ea7ec12\" data-element_type=\"widget\" data-e-type=\"widget\" data-widget_type=\"image.default\">\n\t\t\t\t\t\t\t\t\t\t\t\t\t\t\t<img loading=\"lazy\" decoding=\"async\" width=\"800\" height=\"534\" src=\"https:\/\/ommatic.de\/wp-content\/uploads\/2024\/04\/AdobeStock_185286717-1024x683.jpeg\" class=\"elementor-animation-grow attachment-large size-large wp-image-58\" alt=\"\" srcset=\"https:\/\/ommatic.de\/wp-content\/uploads\/2024\/04\/AdobeStock_185286717-1024x683.jpeg 1024w, https:\/\/ommatic.de\/wp-content\/uploads\/2024\/04\/AdobeStock_185286717-300x200.jpeg 300w, https:\/\/ommatic.de\/wp-content\/uploads\/2024\/04\/AdobeStock_185286717-768x512.jpeg 768w, https:\/\/ommatic.de\/wp-content\/uploads\/2024\/04\/AdobeStock_185286717-1536x1024.jpeg 1536w, https:\/\/ommatic.de\/wp-content\/uploads\/2024\/04\/AdobeStock_185286717-2048x1365.jpeg 2048w\" sizes=\"auto, (max-width: 800px) 100vw, 800px\" \/>\t\t\t\t\t\t\t\t\t\t\t\t\t\t\t<\/div>\n\t\t\t\t<div class=\"elementor-element elementor-element-c30492d elementor-widget__width-initial elementor-absolute elementor-widget elementor-widget-heading\" data-id=\"c30492d\" data-element_type=\"widget\" data-e-type=\"widget\" data-settings=\"{&quot;_position&quot;:&quot;absolute&quot;}\" data-widget_type=\"heading.default\">\n\t\t\t\t\t<div class=\"elementor-heading-title elementor-size-default\">Online Marketing f&#252;r Rechtsanw&#228;lte<\/div>\t\t\t\t<\/div>\n\t\t\t\t<\/a>\n\t\t\t\t<\/div>\n\t\t\t\t<\/div>\n\t\t\n\t\t\t\t\t\t<\/div>\n\t\t\t\t<\/div>\n\t\t\t\t\t<\/div>\n\t\t\t\t<\/div>\n\t\t\t\t<\/div>\n\t\t","protected":false},"excerpt":{"rendered":"<p>Internetauftritt und Onlinewerbung aus einem Guss OMmatic &#8211; Die Online Marketing Komplettl\u00f6sungen f\u00fcr Sie Durch Branchenkenntnis und Kompetenz Kunden begeistern Kontakt Online-Marketing f\u00fcr Sie\u00fcberzeugend &#8211; einfach &#8211; wirksam F\u00fcr diese Branchen haben wir bereits verf\u00fcgbare Komplettl\u00f6sungen. Hochwertige, direkt verf\u00fcgbare Inhalte und zielgenaue Werbung mit nachvollziehbarer Erfolgskontrolle. Und das Beste: Binnen einer Woche kann Ihre neue [&hellip;]<\/p>\n","protected":false},"author":1,"featured_media":28965,"parent":0,"menu_order":0,"comment_status":"closed","ping_status":"closed","template":"","meta":{"_acf_changed":false,"inline_featured_image":false,"footnotes":""},"categories":[],"class_list":["post-157981","page","type-page","status-publish","has-post-thumbnail","hentry"],"acf":[],"aioseo_notices":[],"_links":{"self":[{"href":"https:\/\/ommatic.de\/en\/wp-json\/wp\/v2\/pages\/157981","targetHints":{"allow":["GET"]}}],"collection":[{"href":"https:\/\/ommatic.de\/en\/wp-json\/wp\/v2\/pages"}],"about":[{"href":"https:\/\/ommatic.de\/en\/wp-json\/wp\/v2\/types\/page"}],"author":[{"embeddable":true,"href":"https:\/\/ommatic.de\/en\/wp-json\/wp\/v2\/users\/1"}],"replies":[{"embeddable":true,"href":"https:\/\/ommatic.de\/en\/wp-json\/wp\/v2\/comments?post=157981"}],"version-history":[{"count":3,"href":"https:\/\/ommatic.de\/en\/wp-json\/wp\/v2\/pages\/157981\/revisions"}],"predecessor-version":[{"id":160761,"href":"https:\/\/ommatic.de\/en\/wp-json\/wp\/v2\/pages\/157981\/revisions\/160761"}],"wp:featuredmedia":[{"embeddable":true,"href":"https:\/\/ommatic.de\/en\/wp-json\/wp\/v2\/media\/28965"}],"wp:attachment":[{"href":"https:\/\/ommatic.de\/en\/wp-json\/wp\/v2\/media?parent=157981"}],"wp:term":[{"taxonomy":"category","embeddable":true,"href":"https:\/\/ommatic.de\/en\/wp-json\/wp\/v2\/categories?post=157981"}],"curies":[{"name":"wp","href":"https:\/\/api.w.org\/{rel}","templated":true}]}}