{"id":127748,"date":"2024-12-13T13:07:24","date_gmt":"2024-12-13T12:07:24","guid":{"rendered":"https:\/\/ommatic.advomatic-dev.de\/uncategorized\/performance-marketing-manager\/"},"modified":"2025-03-12T10:47:47","modified_gmt":"2025-03-12T09:47:47","slug":"performance-marketing-manager","status":"publish","type":"page","link":"https:\/\/ommatic.de\/en\/karriere\/performance-marketing-manager\/","title":{"rendered":"Performance Marketing Manager"},"content":{"rendered":"<div data-elementor-type=\"wp-page\" data-elementor-id=\"127748\" class=\"elementor elementor-127748\" data-elementor-post-type=\"page\">\n\t\t\t\t<header class=\"elementor-element elementor-element-afc3a27 e-con-full e-flex e-con e-parent\" data-id=\"afc3a27\" data-element_type=\"container\" data-e-type=\"container\" data-settings=\"{&quot;background_background&quot;:&quot;gradient&quot;}\">\n\t\t<div class=\"elementor-element elementor-element-5b6d958 e-con-full e-flex e-con e-child\" data-id=\"5b6d958\" data-element_type=\"container\" data-e-type=\"container\">\n\t\t\t\t<div class=\"elementor-element elementor-element-c647726 elementor-widget elementor-widget-heading\" data-id=\"c647726\" data-element_type=\"widget\" data-e-type=\"widget\" data-widget_type=\"heading.default\">\n\t\t\t\t\t<div class=\"elementor-heading-title elementor-size-default\">OMmatic - The Online Marketing Industry Solution<\/div>\t\t\t\t<\/div>\n\t\t\t\t<div class=\"elementor-element elementor-element-4b0367a elementor-widget elementor-widget-heading\" data-id=\"4b0367a\" data-element_type=\"widget\" data-e-type=\"widget\" data-widget_type=\"heading.default\">\n\t\t\t\t\t<h1 class=\"elementor-heading-title elementor-size-default\">Job offer: Performance Marketing Manager, Kaiserslautern \/ Nationwide, Home Office<\/h1>\t\t\t\t<\/div>\n\t\t\t\t<div class=\"elementor-element elementor-element-fe2510e elementor-widget elementor-widget-heading\" data-id=\"fe2510e\" data-element_type=\"widget\" data-e-type=\"widget\" data-widget_type=\"heading.default\">\n\t\t\t\t\t<h2 class=\"elementor-heading-title elementor-size-default\">Inspire customers through industry knowledge and expertise<\/h2>\t\t\t\t<\/div>\n\t\t\t\t<div class=\"elementor-element elementor-element-3725fb0 elementor-align-justify elementor-widget elementor-widget-button\" data-id=\"3725fb0\" data-element_type=\"widget\" data-e-type=\"widget\" data-widget_type=\"button.default\">\n\t\t\t\t\t\t\t\t\t\t<a class=\"elementor-button elementor-button-link elementor-size-sm elementor-animation-grow\" href=\"https:\/\/ommatic.de\/en\/contact\/\">\n\t\t\t\t\t\t<span class=\"elementor-button-content-wrapper\">\n\t\t\t\t\t\t<span class=\"elementor-button-icon\">\n\t\t\t\t<svg aria-hidden=\"true\" class=\"e-font-icon-svg e-fas-envelope\" viewbox=\"0 0 512 512\" xmlns=\"http:\/\/www.w3.org\/2000\/svg\"><path d=\"M502.3 190.8c3.9-3.1 9.7-.2 9.7 4.7V400c0 26.5-21.5 48-48 48H48c-26.5 0-48-21.5-48-48V195.6c0-5 5.7-7.8 9.7-4.7 22.4 17.4 52.1 39.5 154.1 113.6 21.1 15.4 56.7 47.8 92.2 47.6 35.7.3 72-32.8 92.3-47.6 102-74.1 131.6-96.3 154-113.7zM256 320c23.2.4 56.6-29.2 73.4-41.4 132.7-96.3 142.8-104.7 173.4-128.7 5.8-4.5 9.2-11.5 9.2-18.9v-19c0-26.5-21.5-48-48-48H48C21.5 64 0 85.5 0 112v19c0 7.4 3.4 14.3 9.2 18.9 30.6 23.9 40.7 32.4 173.4 128.7 16.8 12.2 50.2 41.8 73.4 41.4z\"><\/path><\/svg>\t\t\t<\/span>\n\t\t\t\t\t\t\t\t\t<span class=\"elementor-button-text\">contact<\/span>\n\t\t\t\t\t<\/span>\n\t\t\t\t\t<\/a>\n\t\t\t\t\t\t\t\t<\/div>\n\t\t\t\t<\/div>\n\t\t<div class=\"elementor-element elementor-element-9948fea e-con-full e-flex e-con e-child\" data-id=\"9948fea\" data-element_type=\"container\" data-e-type=\"container\">\n\t\t\t\t<div class=\"elementor-element elementor-element-053e075 elementor-widget elementor-widget-theme-post-featured-image elementor-widget-image\" data-id=\"053e075\" data-element_type=\"widget\" data-e-type=\"widget\" data-widget_type=\"theme-post-featured-image.default\">\n\t\t\t\t\t\t\t\t\t\t\t\t\t\t\t<img loading=\"lazy\" decoding=\"async\" width=\"2500\" height=\"1667\" src=\"https:\/\/ommatic.de\/wp-content\/uploads\/2024\/12\/AdobeStock_930127977-Mobile.jpg\" class=\"attachment-full size-full wp-image-119315\" alt=\"\" srcset=\"https:\/\/ommatic.de\/wp-content\/uploads\/2024\/12\/AdobeStock_930127977-Mobile.jpg 2500w, https:\/\/ommatic.de\/wp-content\/uploads\/2024\/12\/AdobeStock_930127977-Mobile-300x200.jpg 300w, https:\/\/ommatic.de\/wp-content\/uploads\/2024\/12\/AdobeStock_930127977-Mobile-1024x683.jpg 1024w, https:\/\/ommatic.de\/wp-content\/uploads\/2024\/12\/AdobeStock_930127977-Mobile-768x512.jpg 768w, https:\/\/ommatic.de\/wp-content\/uploads\/2024\/12\/AdobeStock_930127977-Mobile-1536x1024.jpg 1536w, https:\/\/ommatic.de\/wp-content\/uploads\/2024\/12\/AdobeStock_930127977-Mobile-2048x1366.jpg 2048w\" sizes=\"auto, (max-width: 2500px) 100vw, 2500px\" \/>\t\t\t\t\t\t\t\t\t\t\t\t\t\t\t<\/div>\n\t\t\t\t<\/div>\n\t\t\t\t<\/header>\n\t\t<div class=\"elementor-element elementor-element-1147927 e-flex e-con-boxed e-con e-child\" data-id=\"1147927\" data-element_type=\"container\" data-e-type=\"container\" data-settings=\"{&quot;background_background&quot;:&quot;classic&quot;}\">\n\t\t\t\t\t<div class=\"e-con-inner\">\n\t\t\t\t<div class=\"elementor-element elementor-element-5c0d7a2 elementor-widget elementor-widget-text-editor\" data-id=\"5c0d7a2\" data-element_type=\"widget\" data-e-type=\"widget\" data-widget_type=\"text-editor.default\">\n\t\t\t\t\t\t\t\t\tAs\u00a0<strong>Junior Performance Marketing Manager (m\/f\/d) \u2013 Paid Search<\/strong> You will work with your team on our online campaigns in the advertising networks (e.g. Google Search Network, meta, linkIn) and quickly take on independent responsibility for cross-cutting projects.\t\t\t\t\t\t\t\t<\/div>\n\t\t\t\t\t<\/div>\n\t\t\t\t<\/div>\n\t\t<div class=\"elementor-element elementor-element-7ba9c60 e-flex e-con-boxed e-con e-parent\" data-id=\"7ba9c60\" data-element_type=\"container\" data-e-type=\"container\">\n\t\t\t\t\t<div class=\"e-con-inner\">\n\t\t<div class=\"elementor-element elementor-element-c1d5af2 e-con-full e-flex e-con e-child\" data-id=\"c1d5af2\" data-element_type=\"container\" data-e-type=\"container\" data-settings=\"{&quot;background_background&quot;:&quot;classic&quot;}\">\n\t\t\t\t<div class=\"elementor-element elementor-element-cbb175f uael-dual-heading-align-center hide-first elementor-widget elementor-widget-uael-dual-color-heading\" data-id=\"cbb175f\" data-element_type=\"widget\" data-e-type=\"widget\" data-widget_type=\"uael-dual-color-heading.default\">\n\t\t\t\t<div class=\"elementor-widget-container\">\n\t\t\t\t\t\t\t\t\t<div class=\"uael-module-content uael-dual-color-heading uael-stack-desktop-yes uael-heading-stack-\">\n\t\t\t<h2>\n\t\t\t\t\t\t\t\t\t\t\t\t\t\t\t\t<span class=\"uael-before-heading\"><span class=\"elementor-inline-editing uael-dual-heading-text uael-first-text\" data-elementor-setting-key=\"before_heading_text\" data-elementor-inline-editing-toolbar=\"basic\"><\/span><\/span><span class=\"uael-adv-heading-stack\"><span class=\"elementor-inline-editing uael-dual-heading-text uael-highlight-text\" data-elementor-setting-key=\"second_heading_text\" data-elementor-inline-editing-toolbar=\"basic\">Qualifications<\/span><\/span>\t\t\t\t\t\t\t\t\t\t\t\t\t<\/h2>\n\t\t<\/div>\n\t\t\t\t\t\t<\/div>\n\t\t\t\t<\/div>\n\t\t\t\t<div class=\"elementor-element elementor-element-1b66053 elementor-widget elementor-widget-text-editor\" data-id=\"1b66053\" data-element_type=\"widget\" data-e-type=\"widget\" data-widget_type=\"text-editor.default\">\n\t\t\t\t\t\t\t\t\t<ul><li>Experience in managing Google Ads, meta advertising accounts and LinkedIn Ads.<\/li><li>Excellent analytical skills and a love of working with numbers<\/li><li>A proactive and initiative-oriented mindset and a love of questioning existing structures.<\/li><li>High absorption capacity and flexibility<\/li><li>Quick comprehension and structured work style<\/li><\/ul>\t\t\t\t\t\t\t\t<\/div>\n\t\t\t\t<\/div>\n\t\t<div class=\"elementor-element elementor-element-ba2ebc8 e-con-full e-flex e-con e-child\" data-id=\"ba2ebc8\" data-element_type=\"container\" data-e-type=\"container\">\n\t\t\t\t<div class=\"elementor-element elementor-element-78018da uael-dual-heading-align-center hide-first elementor-widget elementor-widget-uael-dual-color-heading\" data-id=\"78018da\" data-element_type=\"widget\" data-e-type=\"widget\" data-widget_type=\"uael-dual-color-heading.default\">\n\t\t\t\t<div class=\"elementor-widget-container\">\n\t\t\t\t\t\t\t\t\t<div class=\"uael-module-content uael-dual-color-heading uael-stack-desktop-yes uael-heading-stack-\">\n\t\t\t<h2>\n\t\t\t\t\t\t\t\t\t\t\t\t\t\t\t\t<span class=\"uael-before-heading\"><span class=\"elementor-inline-editing uael-dual-heading-text uael-first-text\" data-elementor-setting-key=\"before_heading_text\" data-elementor-inline-editing-toolbar=\"basic\"><\/span><\/span><span class=\"uael-adv-heading-stack\"><span class=\"elementor-inline-editing uael-dual-heading-text uael-highlight-text\" data-elementor-setting-key=\"second_heading_text\" data-elementor-inline-editing-toolbar=\"basic\">Additional Information<\/span><\/span>\t\t\t\t\t\t\t\t\t\t\t\t\t<\/h2>\n\t\t<\/div>\n\t\t\t\t\t\t<\/div>\n\t\t\t\t<\/div>\n\t\t\t\t<div class=\"elementor-element elementor-element-1a1038b elementor-widget elementor-widget-text-editor\" data-id=\"1a1038b\" data-element_type=\"widget\" data-e-type=\"widget\" data-widget_type=\"text-editor.default\">\n\t\t\t\t\t\t\t\t\t<div><p><strong>Benefits\u00a0<\/strong><\/p><ul><li>Flexible working hours<\/li><li>Modern office in Kaiserslautern.<\/li><li>Agile working environment and cross-functional teams\u00a0<\/li><li>Further training opportunities<\/li><\/ul><\/div>\t\t\t\t\t\t\t\t<\/div>\n\t\t\t\t<\/div>\n\t\t\t\t\t<\/div>\n\t\t\t\t<\/div>\n\t\t<div class=\"elementor-element elementor-element-81057ca e-flex e-con-boxed e-con e-child\" data-id=\"81057ca\" data-element_type=\"container\" data-e-type=\"container\" data-settings=\"{&quot;background_background&quot;:&quot;classic&quot;}\">\n\t\t\t\t\t<div class=\"e-con-inner\">\n\t\t\t\t<div class=\"elementor-element elementor-element-0df037e elementor-widget elementor-widget-text-editor\" data-id=\"0df037e\" data-element_type=\"widget\" data-e-type=\"widget\" data-widget_type=\"text-editor.default\">\n\t\t\t\t\t\t\t\t\t<div><p>You will be introduced early on <strong>Take responsibility and help shape the future<\/strong>. Our team consists of experts from a wide variety of fields: <strong>Marketing, Business or Tech <\/strong>\u2013 We are united by our passion for what we do.<\/p><p>With us it is <strong>Fun and performance <\/strong>our priority, therefore we try to provide our employees with the best possible environment. <strong>To enable working from home <\/strong>As far as we can tell. Due to our strong affinity for online services, this applies most of the time.<\/p><p>To our <strong>to strengthen the team or for workshops <\/strong>We meet from time to time at our office in Kaiserslautern. Talk to us, and we&#039;ll find the ideal solution for you.\u00a0<br \/><br \/>We <strong>motivate and support <\/strong>each other, <strong>share our know-how <\/strong>together and stand <strong>open to other opinions and new ideas <\/strong>opposite.<\/p><p>We look forward to receiving your application \u2013 preferably online via email to <a href=\"mailto:info@ommatic.de\">info@ommatic.de<\/a>. This way we can ensure a faster process, and it&#039;s also very easy for you to send your application documents! \ud83d\ude42<\/p><\/div>\t\t\t\t\t\t\t\t<\/div>\n\t\t\t\t\t<\/div>\n\t\t\t\t<\/div>\n\t\t\t\t<\/div>","protected":false},"excerpt":{"rendered":"<p>OMmatic &#8211; Die Online Marketing Branchenl\u00f6sung Stellenangebot Performance-Marketing-Manager\/-in Kaiserslautern \/ Bundesweit Homeoffice Durch Branchenkenntnis und Kompetenz Kunden begeistern Kontakt Als\u00a0Junior Performance Marketing Manager (m\/w\/d) \u2013 Paid Search arbeitest Du mit Deinem Team an unseren Online Kampagnen in den Werbenetzwerken (z.B. Google Suchnetzwerk, meta, linkeIn) und \u00fcbernimmst schnell eigenst\u00e4ndig Verantwortung f\u00fcr \u00fcbergreifende Projekte. Qualifications Erfahrung in [&hellip;]<\/p>\n","protected":false},"author":1,"featured_media":119315,"parent":157984,"menu_order":0,"comment_status":"closed","ping_status":"closed","template":"","meta":{"_acf_changed":false,"inline_featured_image":false,"footnotes":""},"categories":[1],"class_list":["post-127748","page","type-page","status-publish","has-post-thumbnail","hentry","category-allgemein"],"acf":[],"aioseo_notices":[],"_links":{"self":[{"href":"https:\/\/ommatic.de\/en\/wp-json\/wp\/v2\/pages\/127748","targetHints":{"allow":["GET"]}}],"collection":[{"href":"https:\/\/ommatic.de\/en\/wp-json\/wp\/v2\/pages"}],"about":[{"href":"https:\/\/ommatic.de\/en\/wp-json\/wp\/v2\/types\/page"}],"author":[{"embeddable":true,"href":"https:\/\/ommatic.de\/en\/wp-json\/wp\/v2\/users\/1"}],"replies":[{"embeddable":true,"href":"https:\/\/ommatic.de\/en\/wp-json\/wp\/v2\/comments?post=127748"}],"version-history":[{"count":0,"href":"https:\/\/ommatic.de\/en\/wp-json\/wp\/v2\/pages\/127748\/revisions"}],"up":[{"embeddable":true,"href":"https:\/\/ommatic.de\/en\/wp-json\/wp\/v2\/pages\/157984"}],"wp:featuredmedia":[{"embeddable":true,"href":"https:\/\/ommatic.de\/en\/wp-json\/wp\/v2\/media\/119315"}],"wp:attachment":[{"href":"https:\/\/ommatic.de\/en\/wp-json\/wp\/v2\/media?parent=127748"}],"wp:term":[{"taxonomy":"category","embeddable":true,"href":"https:\/\/ommatic.de\/en\/wp-json\/wp\/v2\/categories?post=127748"}],"curies":[{"name":"wp","href":"https:\/\/api.w.org\/{rel}","templated":true}]}}